{"id":9068,"date":"2021-03-03T15:49:46","date_gmt":"2021-03-03T15:49:46","guid":{"rendered":"https:\/\/premsela.com\/?post_type=product&#038;p=9068"},"modified":"2024-08-07T15:13:11","modified_gmt":"2024-08-07T15:13:11","slug":"jaspis-collier","status":"publish","type":"product","link":"https:\/\/premsela.com\/?product=jaspis-collier","title":{"rendered":"Jaspis collier"},"content":{"rendered":"","protected":false},"excerpt":{"rendered":"<p>Een snoer van jaspis kralen, gelijk in grootte.<br \/>\nDe 45 ronde, glad gepolijste jaspis kralen zijn geknoopt en geregen op draad waartussen een grotere matte zilveren bal afgewisseld door drie kleinere matte zilveren ballen.<br \/>\nEen gematteerd Sterling zilver 925 balslot met veiligheid.<\/p>\n<p>Afmetingen: lengte collier inclusief slot circa 55,0 cm., \u00d8 jaspis kraal circa 10,0 mm., \u00d8 kleine zilver bal circa 4,0 mm., \u00d8 grotere zilver bal circa 6,0 mm., \u00d8 balslot circa 12,0 mm., totaalgewicht circa 65 gram.<\/p>\n<p><strong>Verkocht.<\/p>\n","protected":false},"featured_media":9069,"comment_status":"closed","ping_status":"closed","template":"","meta":[],"product_brand":[],"product_cat":[26,85],"product_tag":[442,321,256,323],"class_list":{"0":"post-9068","1":"product","2":"type-product","3":"status-publish","4":"has-post-thumbnail","6":"product_cat-halskettingen","7":"product_cat-jaspis","8":"product_tag-jaspis","9":"product_tag-kralen","10":"product_tag-nieuw-collier","11":"product_tag-zilver-balslot","13":"first","14":"instock","15":"shipping-taxable","16":"product-type-simple"},"_links":{"self":[{"href":"https:\/\/premsela.com\/index.php?rest_route=\/wp\/v2\/product\/9068","targetHints":{"allow":["GET"]}}],"collection":[{"href":"https:\/\/premsela.com\/index.php?rest_route=\/wp\/v2\/product"}],"about":[{"href":"https:\/\/premsela.com\/index.php?rest_route=\/wp\/v2\/types\/product"}],"replies":[{"embeddable":true,"href":"https:\/\/premsela.com\/index.php?rest_route=%2Fwp%2Fv2%2Fcomments&post=9068"}],"wp:featuredmedia":[{"embeddable":true,"href":"https:\/\/premsela.com\/index.php?rest_route=\/wp\/v2\/media\/9069"}],"wp:attachment":[{"href":"https:\/\/premsela.com\/index.php?rest_route=%2Fwp%2Fv2%2Fmedia&parent=9068"}],"wp:term":[{"taxonomy":"product_brand","embeddable":true,"href":"https:\/\/premsela.com\/index.php?rest_route=%2Fwp%2Fv2%2Fproduct_brand&post=9068"},{"taxonomy":"product_cat","embeddable":true,"href":"https:\/\/premsela.com\/index.php?rest_route=%2Fwp%2Fv2%2Fproduct_cat&post=9068"},{"taxonomy":"product_tag","embeddable":true,"href":"https:\/\/premsela.com\/index.php?rest_route=%2Fwp%2Fv2%2Fproduct_tag&post=9068"}],"curies":[{"name":"wp","href":"https:\/\/api.w.org\/{rel}","templated":true}]}}